{"id":3190,"date":"2009-12-23T07:26:05","date_gmt":"2009-12-23T15:26:05","guid":{"rendered":"http:\/\/www.cuochincasa.com\/site\/?page_id=3"},"modified":"2021-12-15T09:18:09","modified_gmt":"2021-12-15T09:18:09","slug":"chisiamo","status":"publish","type":"page","link":"https:\/\/www.cuochincasa.com\/en\/chisiamo\/","title":{"rendered":"Who we are"},"content":{"rendered":"<p>Can you betray a great love?&nbsp;<\/p>\n\n\n\n<p>The answer is YES, if it\u2019s for a greater love. I left my work in advertising, for years an art director, to embrace a passion of unique taste: cooking. So I attended professional courses and then founded Cuochincasa.com, a company that tastefully satisfied many demanding costumers. I provide recipes and I write reviews, I do customized cooking classes and catering in their homes. Today, in my home\/kitchen, I receive friends from all over the world, I meet them and take them to discover and taste the real contemporary Italian flavors!&nbsp;<\/p>\n\n\n\n<p class=\" translation-block\">I left my work in advertising, for years as an art director, to embrace a passion for cooking. After attending 2 years of professional courses at Tavolo con lo Chef\u00a0in Roma I founded Cuochincasa. I do customised cooking classes, food styling, food reviews and catering. Together with my son Riccardo we host social eating events.<\/p>\n\n\n\n<p>Today, after living for years in New York City, I continue to love traveling, especially trips that take me to food markets. That is where I can really understand the local culture and the way of life of people.<\/p>\n\n\n\n<p><em>Obblighi informativi per le erogazioni pubbliche: gli aiuti di Stato e gli aiuti de minimis ricevuti dalla nostra impresa sono contenuti nel Registro nazionale degli aiuti di Stato di cui all\u2019art. 52 della L. 234\/2012\u201d<\/em>\u202f.<\/p>\n\n\n\n<p>Roma 13 Dicembre 2021<\/p>","protected":false},"excerpt":{"rendered":"<p>Si pu\u00f2 tradire un grande amore?&nbsp; La risposta \u00e8 s\u00ec, se \u00e8 per un amore pi\u00f9 grande. Questo \u00e8 quello che mi \u00e8 successo 14 anni fa, quando mi sono lasciata alle spalle la mia passione per la pubblicit\u00e0 \u2013 anni come art director &#8211; per abbracciare quella per la cucina.&nbsp; Dopo aver frequentato per&#8230;  <a class=\"excerpt-read-more\" href=\"https:\/\/www.cuochincasa.com\/en\/chisiamo\/\" title=\"Read Chi siamo\">Read more &raquo;<\/a><\/p>","protected":false},"author":1,"featured_media":3538,"parent":0,"menu_order":1,"comment_status":"closed","ping_status":"closed","template":"page-corsi.php","meta":{"jetpack_post_was_ever_published":false,"footnotes":""},"jetpack_sharing_enabled":true,"jetpack_shortlink":"https:\/\/wp.me\/PaoUmz-Ps","_links":{"self":[{"href":"https:\/\/www.cuochincasa.com\/en\/wp-json\/wp\/v2\/pages\/3190"}],"collection":[{"href":"https:\/\/www.cuochincasa.com\/en\/wp-json\/wp\/v2\/pages"}],"about":[{"href":"https:\/\/www.cuochincasa.com\/en\/wp-json\/wp\/v2\/types\/page"}],"author":[{"embeddable":true,"href":"https:\/\/www.cuochincasa.com\/en\/wp-json\/wp\/v2\/users\/1"}],"replies":[{"embeddable":true,"href":"https:\/\/www.cuochincasa.com\/en\/wp-json\/wp\/v2\/comments?post=3190"}],"version-history":[{"count":16,"href":"https:\/\/www.cuochincasa.com\/en\/wp-json\/wp\/v2\/pages\/3190\/revisions"}],"predecessor-version":[{"id":3949,"href":"https:\/\/www.cuochincasa.com\/en\/wp-json\/wp\/v2\/pages\/3190\/revisions\/3949"}],"wp:featuredmedia":[{"embeddable":true,"href":"https:\/\/www.cuochincasa.com\/en\/wp-json\/wp\/v2\/media\/3538"}],"wp:attachment":[{"href":"https:\/\/www.cuochincasa.com\/en\/wp-json\/wp\/v2\/media?parent=3190"}],"curies":[{"name":"wp","href":"https:\/\/api.w.org\/{rel}","templated":true}]}}